{"id":105,"date":"2020-09-10T16:11:40","date_gmt":"2020-09-10T16:11:40","guid":{"rendered":"http:\/\/www.procoltd.com\/?post_type=product&#038;p=105"},"modified":"2020-09-13T22:20:16","modified_gmt":"2020-09-13T22:20:16","slug":"izole-boru","status":"publish","type":"product","link":"https:\/\/www.procoltd.com\/en\/urun\/izole-boru\/","title":{"rendered":"Isolated Pipe"},"content":{"rendered":"<p><\/p>\n<ul>\n<li>Heat Conduction Coefficient (l): 0,040 W\/mK (40 \u00b0C)<\/li>\n<li>Density: 25-30 Kg\/m\u00b3<\/li>\n<li>Usage Temperature: -40\u00b0C ile +100 \u00b0C<\/li>\n<li>Water Vapor Diffusion Resistance Coefficient: \u00b5&gt;=3500<\/li>\n<li>Fire Class: B1 (DIN 4102)<\/li>\n<\/ul>\n<p><\/p>","protected":false},"excerpt":{"rendered":"<p>Proflex are isolated pipes, prefabricated polyethylene based pipes produced by extrusion method. Heat loss in heating system is used to prevent heat gain and condensation in cooling system.<\/p>\n","protected":false},"featured_media":106,"template":"","meta":[],"class_list":["post-105","product","type-product","status-publish","has-post-thumbnail","hentry","product_cat-isi-yalitim"],"yoast_head":"<!-- This site is optimized with the Yoast SEO plugin v15.5 - https:\/\/yoast.com\/wordpress\/plugins\/seo\/ -->\n<title>Isolated Pipe  - Proco Plastik<\/title>\n<meta name=\"robots\" content=\"index, follow, max-snippet:-1, max-image-preview:large, max-video-preview:-1\" \/>\n<link rel=\"canonical\" href=\"https:\/\/www.procoltd.com\/urun\/izole-boru\/\" \/>\n<meta property=\"og:locale\" content=\"en_US\" \/>\n<meta property=\"og:type\" content=\"article\" \/>\n<meta property=\"og:title\" content=\"[:tr]\u0130zole Boru[:en]Isolated Pipe [:] - Proco Plastik\" \/>\n<meta property=\"og:description\" content=\"[:tr]Proflex izole borular, kapal\u0131 h\u00fccre yap\u0131l\u0131, extr\u00fczyon metodu ile \u00fcretilen prefabrik polietilen esasl\u0131 borulard\u0131r. Is\u0131tma tesisat\u0131nda \u0131s\u0131 kayb\u0131n\u0131, so\u011futma tesisat\u0131nda \u0131s\u0131 kazanc\u0131n\u0131 ve yo\u011fu\u015fmay\u0131 \u00f6nlemek i\u00e7in kullan\u0131l\u0131r.[:en]Proflex are isolated pipes, prefabricated polyethylene based pipes produced by extrusion method. Heat loss in heating system is used to prevent heat gain and condensation in cooling system.[:]\" \/>\n<meta property=\"og:url\" content=\"https:\/\/www.procoltd.com\/urun\/izole-boru\/\" \/>\n<meta property=\"og:site_name\" content=\"Proco Plastik\" \/>\n<meta property=\"article:publisher\" content=\"https:\/\/www.facebook.com\/Proco-Plastik-San-ve-D%c4%b1%c5%9f-Tic-A%c5%9e-113358142062588\/\" \/>\n<meta property=\"article:modified_time\" content=\"2020-09-13T22:20:16+00:00\" \/>\n<meta property=\"og:image\" content=\"https:\/\/www.procoltd.com\/wp-content\/uploads\/2020\/09\/content_61_20676340575ad407124fcf6.jpg\" \/>\n\t<meta property=\"og:image:width\" content=\"520\" \/>\n\t<meta property=\"og:image:height\" content=\"325\" \/>\n<meta name=\"twitter:card\" content=\"summary_large_image\" \/>\n<meta name=\"twitter:label1\" content=\"Est. reading time\">\n\t<meta name=\"twitter:data1\" content=\"0 minutes\">\n<script type=\"application\/ld+json\" class=\"yoast-schema-graph\">{\"@context\":\"https:\/\/schema.org\",\"@graph\":[{\"@type\":\"Organization\",\"@id\":\"https:\/\/www.procoltd.com\/#organization\",\"name\":\"Proco Plastik\",\"url\":\"https:\/\/www.procoltd.com\/\",\"sameAs\":[\"https:\/\/www.facebook.com\/Proco-Plastik-San-ve-D\\u0131\\u015f-Tic-A\\u015e-113358142062588\/\",\"https:\/\/www.instagram.com\/proco_plastik\/\",\"https:\/\/www.linkedin.com\/company\/proco-plastik\/\"],\"logo\":{\"@type\":\"ImageObject\",\"@id\":\"https:\/\/www.procoltd.com\/#logo\",\"inLanguage\":\"en-US\",\"url\":\"https:\/\/www.procoltd.com\/wp-content\/uploads\/2020\/09\/favicon.png\",\"width\":512,\"height\":512,\"caption\":\"Proco Plastik\"},\"image\":{\"@id\":\"https:\/\/www.procoltd.com\/#logo\"}},{\"@type\":\"WebSite\",\"@id\":\"https:\/\/www.procoltd.com\/#website\",\"url\":\"https:\/\/www.procoltd.com\/\",\"name\":\"Proco Plastik\",\"description\":\"%100 Geri D\\u00f6n\\u00fc\\u015f\\u00fcml\\u00fc \\u00dcr\\u00fcnler\",\"publisher\":{\"@id\":\"https:\/\/www.procoltd.com\/#organization\"},\"potentialAction\":[{\"@type\":\"SearchAction\",\"target\":\"https:\/\/www.procoltd.com\/?s={search_term_string}\",\"query-input\":\"required name=search_term_string\"}],\"inLanguage\":\"en-US\"},{\"@type\":\"ImageObject\",\"@id\":\"https:\/\/www.procoltd.com\/urun\/izole-boru\/#primaryimage\",\"inLanguage\":\"en-US\",\"url\":\"https:\/\/www.procoltd.com\/wp-content\/uploads\/2020\/09\/content_61_20676340575ad407124fcf6.jpg\",\"width\":520,\"height\":325},{\"@type\":\"WebPage\",\"@id\":\"https:\/\/www.procoltd.com\/urun\/izole-boru\/#webpage\",\"url\":\"https:\/\/www.procoltd.com\/urun\/izole-boru\/\",\"name\":\"[:tr]\\u0130zole Boru[:en]Isolated Pipe [:] - Proco Plastik\",\"isPartOf\":{\"@id\":\"https:\/\/www.procoltd.com\/#website\"},\"primaryImageOfPage\":{\"@id\":\"https:\/\/www.procoltd.com\/urun\/izole-boru\/#primaryimage\"},\"datePublished\":\"2020-09-10T16:11:40+00:00\",\"dateModified\":\"2020-09-13T22:20:16+00:00\",\"inLanguage\":\"en-US\",\"potentialAction\":[{\"@type\":\"ReadAction\",\"target\":[\"https:\/\/www.procoltd.com\/urun\/izole-boru\/\"]}]}]}<\/script>\n<!-- \/ Yoast SEO plugin. -->","_links":{"self":[{"href":"https:\/\/www.procoltd.com\/en\/wp-json\/wp\/v2\/product\/105","targetHints":{"allow":["GET"]}}],"collection":[{"href":"https:\/\/www.procoltd.com\/en\/wp-json\/wp\/v2\/product"}],"about":[{"href":"https:\/\/www.procoltd.com\/en\/wp-json\/wp\/v2\/types\/product"}],"wp:featuredmedia":[{"embeddable":true,"href":"https:\/\/www.procoltd.com\/en\/wp-json\/wp\/v2\/media\/106"}],"wp:attachment":[{"href":"https:\/\/www.procoltd.com\/en\/wp-json\/wp\/v2\/media?parent=105"}],"curies":[{"name":"wp","href":"https:\/\/api.w.org\/{rel}","templated":true}]}}