{"id":108,"date":"2020-09-10T16:20:42","date_gmt":"2020-09-10T16:20:42","guid":{"rendered":"http:\/\/www.procoltd.com\/?post_type=product&#038;p=108"},"modified":"2021-04-13T06:47:52","modified_gmt":"2021-04-13T06:47:52","slug":"folyolu-izole-boru","status":"publish","type":"product","link":"https:\/\/www.procoltd.com\/en\/urun\/folyolu-izole-boru\/","title":{"rendered":"Aluminium Foiled Pipes"},"content":{"rendered":"<p><\/p>\n<ul>\n<li>Heat Conduction Coefficient<\/li>\n<li>Density: 25-30 Kg\/m\u00b3<\/li>\n<li>Usage Temperature: -40\u00b0C ile +100 \u00b0C<\/li>\n<li>Water Vapor Diffusion Resistance Coefficient: \u00b5&gt;=3500<\/li>\n<li>Fire Class: B1 (DIN 4102)<\/li>\n<\/ul>\n<p><\/p>","protected":false},"excerpt":{"rendered":"<p>POLYETHYLENE PREFABRICATED FOLLOW INSULATED PIPE<br \/>\nThe Proflex prefabricated foliar insulated pipe is highly resistant to climatic conditions, wind rain and adverse UV effects, especially the sun. Proflex P.E. it is an insulation material that can be easily used without the need of an additional coating in the outside environment thanks to the foil coated on the insulated pipe.<\/p>\n","protected":false},"featured_media":109,"template":"","meta":[],"class_list":["post-108","product","type-product","status-publish","has-post-thumbnail","hentry","product_cat-isi-yalitim"],"yoast_head":"<!-- This site is optimized with the Yoast SEO plugin v15.5 - https:\/\/yoast.com\/wordpress\/plugins\/seo\/ -->\n<title>Aluminium Foiled Pipes  - Proco Plastik<\/title>\n<meta name=\"robots\" content=\"index, follow, max-snippet:-1, max-image-preview:large, max-video-preview:-1\" \/>\n<link rel=\"canonical\" href=\"https:\/\/www.procoltd.com\/urun\/folyolu-izole-boru\/\" \/>\n<meta property=\"og:locale\" content=\"en_US\" \/>\n<meta property=\"og:type\" content=\"article\" \/>\n<meta property=\"og:title\" content=\"[:tr] Folyolu \u0130zole Boru [:en] Aluminium Foiled Pipes [:] - Proco Plastik\" \/>\n<meta property=\"og:description\" content=\"[:tr]POL\u0130ET\u0130LEN PREFABR\u0130K FOLYOLU \u0130ZOLE BORU  Proflex prefabrik folyolu izole boru iklimsel ko\u015fullara, r\u00fczgar ya\u011fmur ve \u00f6zellikle g\u00fcne\u015fin olumsuz UV etkilerine kar\u015f\u0131 olduk\u00e7a diren\u00e7lidir. Proflex P.E. izole boru \u00fczerine kaplanan folyo sayesinde d\u0131\u015f ortamlarda ek bir kaplama gerekmeksizin rahatl\u0131kla kullan\u0131labilecek bir yal\u0131t\u0131m malzemesidir.[:en]POLYETHYLENE PREFABRICATED FOLLOW INSULATED PIPE The Proflex prefabricated foliar insulated pipe is highly resistant to climatic conditions, wind rain and adverse UV effects, especially the sun. Proflex P.E. it is an insulation material that can be easily used without the need of an additional coating in the outside environment thanks to the foil coated on the insulated pipe.[:]\" \/>\n<meta property=\"og:url\" content=\"https:\/\/www.procoltd.com\/urun\/folyolu-izole-boru\/\" \/>\n<meta property=\"og:site_name\" content=\"Proco Plastik\" \/>\n<meta property=\"article:publisher\" content=\"https:\/\/www.facebook.com\/Proco-Plastik-San-ve-D%c4%b1%c5%9f-Tic-A%c5%9e-113358142062588\/\" \/>\n<meta property=\"article:modified_time\" content=\"2021-04-13T06:47:52+00:00\" \/>\n<meta property=\"og:image\" content=\"https:\/\/www.procoltd.com\/wp-content\/uploads\/2020\/09\/content_54_69075acff5ade7e48.jpg\" \/>\n\t<meta property=\"og:image:width\" content=\"520\" \/>\n\t<meta property=\"og:image:height\" content=\"325\" \/>\n<meta name=\"twitter:card\" content=\"summary_large_image\" \/>\n<meta name=\"twitter:label1\" content=\"Est. reading time\">\n\t<meta name=\"twitter:data1\" content=\"0 minutes\">\n<script type=\"application\/ld+json\" class=\"yoast-schema-graph\">{\"@context\":\"https:\/\/schema.org\",\"@graph\":[{\"@type\":\"Organization\",\"@id\":\"https:\/\/www.procoltd.com\/#organization\",\"name\":\"Proco Plastik\",\"url\":\"https:\/\/www.procoltd.com\/\",\"sameAs\":[\"https:\/\/www.facebook.com\/Proco-Plastik-San-ve-D\\u0131\\u015f-Tic-A\\u015e-113358142062588\/\",\"https:\/\/www.instagram.com\/proco_plastik\/\",\"https:\/\/www.linkedin.com\/company\/proco-plastik\/\"],\"logo\":{\"@type\":\"ImageObject\",\"@id\":\"https:\/\/www.procoltd.com\/#logo\",\"inLanguage\":\"en-US\",\"url\":\"https:\/\/www.procoltd.com\/wp-content\/uploads\/2020\/09\/favicon.png\",\"width\":512,\"height\":512,\"caption\":\"Proco Plastik\"},\"image\":{\"@id\":\"https:\/\/www.procoltd.com\/#logo\"}},{\"@type\":\"WebSite\",\"@id\":\"https:\/\/www.procoltd.com\/#website\",\"url\":\"https:\/\/www.procoltd.com\/\",\"name\":\"Proco Plastik\",\"description\":\"%100 Geri D\\u00f6n\\u00fc\\u015f\\u00fcml\\u00fc \\u00dcr\\u00fcnler\",\"publisher\":{\"@id\":\"https:\/\/www.procoltd.com\/#organization\"},\"potentialAction\":[{\"@type\":\"SearchAction\",\"target\":\"https:\/\/www.procoltd.com\/?s={search_term_string}\",\"query-input\":\"required name=search_term_string\"}],\"inLanguage\":\"en-US\"},{\"@type\":\"ImageObject\",\"@id\":\"https:\/\/www.procoltd.com\/urun\/folyolu-izole-boru\/#primaryimage\",\"inLanguage\":\"en-US\",\"url\":\"https:\/\/www.procoltd.com\/wp-content\/uploads\/2020\/09\/content_54_69075acff5ade7e48.jpg\",\"width\":520,\"height\":325},{\"@type\":\"WebPage\",\"@id\":\"https:\/\/www.procoltd.com\/urun\/folyolu-izole-boru\/#webpage\",\"url\":\"https:\/\/www.procoltd.com\/urun\/folyolu-izole-boru\/\",\"name\":\"[:tr] Folyolu \\u0130zole Boru [:en] Aluminium Foiled Pipes [:] - Proco Plastik\",\"isPartOf\":{\"@id\":\"https:\/\/www.procoltd.com\/#website\"},\"primaryImageOfPage\":{\"@id\":\"https:\/\/www.procoltd.com\/urun\/folyolu-izole-boru\/#primaryimage\"},\"datePublished\":\"2020-09-10T16:20:42+00:00\",\"dateModified\":\"2021-04-13T06:47:52+00:00\",\"inLanguage\":\"en-US\",\"potentialAction\":[{\"@type\":\"ReadAction\",\"target\":[\"https:\/\/www.procoltd.com\/urun\/folyolu-izole-boru\/\"]}]}]}<\/script>\n<!-- \/ Yoast SEO plugin. -->","_links":{"self":[{"href":"https:\/\/www.procoltd.com\/en\/wp-json\/wp\/v2\/product\/108","targetHints":{"allow":["GET"]}}],"collection":[{"href":"https:\/\/www.procoltd.com\/en\/wp-json\/wp\/v2\/product"}],"about":[{"href":"https:\/\/www.procoltd.com\/en\/wp-json\/wp\/v2\/types\/product"}],"wp:featuredmedia":[{"embeddable":true,"href":"https:\/\/www.procoltd.com\/en\/wp-json\/wp\/v2\/media\/109"}],"wp:attachment":[{"href":"https:\/\/www.procoltd.com\/en\/wp-json\/wp\/v2\/media?parent=108"}],"curies":[{"name":"wp","href":"https:\/\/api.w.org\/{rel}","templated":true}]}}