{"id":112,"date":"2020-09-10T16:23:21","date_gmt":"2020-09-10T16:23:21","guid":{"rendered":"http:\/\/www.procoltd.com\/?post_type=product&#038;p=112"},"modified":"2021-07-07T12:18:34","modified_gmt":"2021-07-07T12:18:34","slug":"levha-duz-folyolu-yapiskanli","status":"publish","type":"product","link":"https:\/\/www.procoltd.com\/en\/urun\/levha-duz-folyolu-yapiskanli\/","title":{"rendered":"Sheet (Flat \/ Foil \/ Adhesive)"},"content":{"rendered":"<p><\/p>\n<ul>\n<li>Heat Conduction Coefficient (l): 0.040 W\/mK (40 \u00b0C)<\/li>\n<li>Density: 25-30 Kg\/m\u00b3<\/li>\n<li>Usage Temperature: -40\u00b0C to +100\u00b0C<\/li>\n<li>Water Vapor Diffusion Resistance Coefficient: \u00b5&gt;=3500<\/li>\n<li>Fire Class: B1 (DIN 4102)<\/li>\n<\/ul>\n<p><\/p>","protected":false},"excerpt":{"rendered":"<p>They are polyethylene based sheets manufactured by extrusion method with high quality closed cell structure. Proflex insulated sheets are produced as a standard 6-8-10 mm one piece in rolls. P.E. on request. Double-sided tape and foil are laminated on the plates to save labor.<\/p>\n","protected":false},"featured_media":113,"template":"","meta":[],"class_list":["post-112","product","type-product","status-publish","has-post-thumbnail","hentry","product_cat-isi-yalitim"],"yoast_head":"<!-- This site is optimized with the Yoast SEO plugin v15.5 - https:\/\/yoast.com\/wordpress\/plugins\/seo\/ -->\n<title>Sheet (Flat \/ Foil \/ Adhesive)  - Proco Plastik<\/title>\n<meta name=\"robots\" content=\"index, follow, max-snippet:-1, max-image-preview:large, max-video-preview:-1\" \/>\n<link rel=\"canonical\" href=\"https:\/\/www.procoltd.com\/urun\/levha-duz-folyolu-yapiskanli\/\" \/>\n<meta property=\"og:locale\" content=\"en_US\" \/>\n<meta property=\"og:type\" content=\"article\" \/>\n<meta property=\"og:title\" content=\"[:tr] Levha (D\u00fcz \/ Folyolu \/ Yap\u0131\u015fkanl\u0131) [:en] Sheet (Flat \/ Foil \/ Adhesive) [:] - Proco Plastik\" \/>\n<meta property=\"og:description\" content=\"[:tr]Y\u00fcksek kaliteli kapal\u0131 h\u00fccre yap\u0131s\u0131na sahip extr\u00fczyon metodu ile imal edilen polietilen esasl\u0131 levhalard\u0131r. Proflex izole levhalar rulo halinde standart 6-8-10 mm tek par\u00e7a \u00fcretilmektedir. \u0130stenildi\u011finde P.E. levhalar\u0131n \u00fczerine i\u015f\u00e7ilikten tasarruf etmek i\u00e7in \u00e7ift tarafl\u0131 bant ve folyo lamine edilmektedir.[:en]They are polyethylene based sheets manufactured by extrusion method with high quality closed cell structure. Proflex insulated sheets are produced as a standard 6-8-10 mm one piece in rolls. P.E. on request. Double-sided tape and foil are laminated on the plates to save labor.[:]\" \/>\n<meta property=\"og:url\" content=\"https:\/\/www.procoltd.com\/urun\/levha-duz-folyolu-yapiskanli\/\" \/>\n<meta property=\"og:site_name\" content=\"Proco Plastik\" \/>\n<meta property=\"article:publisher\" content=\"https:\/\/www.facebook.com\/Proco-Plastik-San-ve-D%c4%b1%c5%9f-Tic-A%c5%9e-113358142062588\/\" \/>\n<meta property=\"article:modified_time\" content=\"2021-07-07T12:18:34+00:00\" \/>\n<meta property=\"og:image\" content=\"https:\/\/www.procoltd.com\/wp-content\/uploads\/2020\/09\/16140512845ad3e4ab768ae.jpeg\" \/>\n\t<meta property=\"og:image:width\" content=\"520\" \/>\n\t<meta property=\"og:image:height\" content=\"325\" \/>\n<meta name=\"twitter:card\" content=\"summary_large_image\" \/>\n<meta name=\"twitter:label1\" content=\"Est. reading time\">\n\t<meta name=\"twitter:data1\" content=\"0 minutes\">\n<script type=\"application\/ld+json\" class=\"yoast-schema-graph\">{\"@context\":\"https:\/\/schema.org\",\"@graph\":[{\"@type\":\"Organization\",\"@id\":\"https:\/\/www.procoltd.com\/#organization\",\"name\":\"Proco Plastik\",\"url\":\"https:\/\/www.procoltd.com\/\",\"sameAs\":[\"https:\/\/www.facebook.com\/Proco-Plastik-San-ve-D\\u0131\\u015f-Tic-A\\u015e-113358142062588\/\",\"https:\/\/www.instagram.com\/proco_plastik\/\",\"https:\/\/www.linkedin.com\/company\/proco-plastik\/\"],\"logo\":{\"@type\":\"ImageObject\",\"@id\":\"https:\/\/www.procoltd.com\/#logo\",\"inLanguage\":\"en-US\",\"url\":\"https:\/\/www.procoltd.com\/wp-content\/uploads\/2020\/09\/favicon.png\",\"width\":512,\"height\":512,\"caption\":\"Proco Plastik\"},\"image\":{\"@id\":\"https:\/\/www.procoltd.com\/#logo\"}},{\"@type\":\"WebSite\",\"@id\":\"https:\/\/www.procoltd.com\/#website\",\"url\":\"https:\/\/www.procoltd.com\/\",\"name\":\"Proco Plastik\",\"description\":\"%100 Geri D\\u00f6n\\u00fc\\u015f\\u00fcml\\u00fc \\u00dcr\\u00fcnler\",\"publisher\":{\"@id\":\"https:\/\/www.procoltd.com\/#organization\"},\"potentialAction\":[{\"@type\":\"SearchAction\",\"target\":\"https:\/\/www.procoltd.com\/?s={search_term_string}\",\"query-input\":\"required name=search_term_string\"}],\"inLanguage\":\"en-US\"},{\"@type\":\"ImageObject\",\"@id\":\"https:\/\/www.procoltd.com\/urun\/levha-duz-folyolu-yapiskanli\/#primaryimage\",\"inLanguage\":\"en-US\",\"url\":\"https:\/\/www.procoltd.com\/wp-content\/uploads\/2020\/09\/16140512845ad3e4ab768ae.jpeg\",\"width\":520,\"height\":325},{\"@type\":\"WebPage\",\"@id\":\"https:\/\/www.procoltd.com\/urun\/levha-duz-folyolu-yapiskanli\/#webpage\",\"url\":\"https:\/\/www.procoltd.com\/urun\/levha-duz-folyolu-yapiskanli\/\",\"name\":\"[:tr] Levha (D\\u00fcz \/ Folyolu \/ Yap\\u0131\\u015fkanl\\u0131) [:en] Sheet (Flat \/ Foil \/ Adhesive) [:] - Proco Plastik\",\"isPartOf\":{\"@id\":\"https:\/\/www.procoltd.com\/#website\"},\"primaryImageOfPage\":{\"@id\":\"https:\/\/www.procoltd.com\/urun\/levha-duz-folyolu-yapiskanli\/#primaryimage\"},\"datePublished\":\"2020-09-10T16:23:21+00:00\",\"dateModified\":\"2021-07-07T12:18:34+00:00\",\"inLanguage\":\"en-US\",\"potentialAction\":[{\"@type\":\"ReadAction\",\"target\":[\"https:\/\/www.procoltd.com\/urun\/levha-duz-folyolu-yapiskanli\/\"]}]}]}<\/script>\n<!-- \/ Yoast SEO plugin. -->","_links":{"self":[{"href":"https:\/\/www.procoltd.com\/en\/wp-json\/wp\/v2\/product\/112","targetHints":{"allow":["GET"]}}],"collection":[{"href":"https:\/\/www.procoltd.com\/en\/wp-json\/wp\/v2\/product"}],"about":[{"href":"https:\/\/www.procoltd.com\/en\/wp-json\/wp\/v2\/types\/product"}],"wp:featuredmedia":[{"embeddable":true,"href":"https:\/\/www.procoltd.com\/en\/wp-json\/wp\/v2\/media\/113"}],"wp:attachment":[{"href":"https:\/\/www.procoltd.com\/en\/wp-json\/wp\/v2\/media?parent=112"}],"curies":[{"name":"wp","href":"https:\/\/api.w.org\/{rel}","templated":true}]}}