{"id":114,"date":"2020-09-10T16:25:03","date_gmt":"2020-09-10T16:25:03","guid":{"rendered":"http:\/\/www.procoltd.com\/?post_type=product&#038;p=114"},"modified":"2020-09-10T16:25:03","modified_gmt":"2020-09-10T16:25:03","slug":"fitil","status":"publish","type":"product","link":"https:\/\/www.procoltd.com\/en\/urun\/fitil\/","title":{"rendered":"Wicks"},"content":{"rendered":"<p><\/p>\n<ul>\n<li>Heat Conduction Coefficient (l): 0,040 W \/ mK (40 \u00b0 C)<\/li>\n<li>Density: 25-30 Kg \/ m\u00b3<\/li>\n<li>Usage Temperature: -40 \u00b0 C to +100 \u00b0 C<\/li>\n<li>Water Vapor Diffusion Resistance Coefficient: \u03bc&gt; = 3500<\/li>\n<li>Fire Class: B1 (DIN 4102)<\/li>\n<\/ul>\n<p><\/p>","protected":false},"excerpt":{"rendered":"<p>Profile grouting is a polyethylene based material produced by extrusion of closed cell structure.<\/p>\n","protected":false},"featured_media":115,"template":"","meta":[],"class_list":["post-114","product","type-product","status-publish","has-post-thumbnail","hentry","product_cat-isi-yalitim"],"yoast_head":"<!-- This site is optimized with the Yoast SEO plugin v15.5 - https:\/\/yoast.com\/wordpress\/plugins\/seo\/ -->\n<title>Wicks - Proco Plastik<\/title>\n<meta name=\"robots\" content=\"index, follow, max-snippet:-1, max-image-preview:large, max-video-preview:-1\" \/>\n<link rel=\"canonical\" href=\"https:\/\/www.procoltd.com\/urun\/fitil\/\" \/>\n<meta property=\"og:locale\" content=\"en_US\" \/>\n<meta property=\"og:type\" content=\"article\" \/>\n<meta property=\"og:title\" content=\"[:tr]Fitil[:en]Wicks[:] - Proco Plastik\" \/>\n<meta property=\"og:description\" content=\"[:tr]Profill derz dolgu fitili, kapal\u0131 h\u00fccre yap\u0131l\u0131 extr\u00fczyon ile \u00fcretilen polietilen esasl\u0131 malzemedir.[:en]Profile grouting is a polyethylene based material produced by extrusion of closed cell structure.[:]\" \/>\n<meta property=\"og:url\" content=\"https:\/\/www.procoltd.com\/urun\/fitil\/\" \/>\n<meta property=\"og:site_name\" content=\"Proco Plastik\" \/>\n<meta property=\"article:publisher\" content=\"https:\/\/www.facebook.com\/Proco-Plastik-San-ve-D%c4%b1%c5%9f-Tic-A%c5%9e-113358142062588\/\" \/>\n<meta property=\"og:image\" content=\"https:\/\/www.procoltd.com\/wp-content\/uploads\/2020\/09\/content_98_2455678505ad3f64b0007b.jpg\" \/>\n\t<meta property=\"og:image:width\" content=\"793\" \/>\n\t<meta property=\"og:image:height\" content=\"524\" \/>\n<meta name=\"twitter:card\" content=\"summary_large_image\" \/>\n<meta name=\"twitter:label1\" content=\"Est. reading time\">\n\t<meta name=\"twitter:data1\" content=\"0 minutes\">\n<script type=\"application\/ld+json\" class=\"yoast-schema-graph\">{\"@context\":\"https:\/\/schema.org\",\"@graph\":[{\"@type\":\"Organization\",\"@id\":\"https:\/\/www.procoltd.com\/#organization\",\"name\":\"Proco Plastik\",\"url\":\"https:\/\/www.procoltd.com\/\",\"sameAs\":[\"https:\/\/www.facebook.com\/Proco-Plastik-San-ve-D\\u0131\\u015f-Tic-A\\u015e-113358142062588\/\",\"https:\/\/www.instagram.com\/proco_plastik\/\",\"https:\/\/www.linkedin.com\/company\/proco-plastik\/\"],\"logo\":{\"@type\":\"ImageObject\",\"@id\":\"https:\/\/www.procoltd.com\/#logo\",\"inLanguage\":\"en-US\",\"url\":\"https:\/\/www.procoltd.com\/wp-content\/uploads\/2020\/09\/favicon.png\",\"width\":512,\"height\":512,\"caption\":\"Proco Plastik\"},\"image\":{\"@id\":\"https:\/\/www.procoltd.com\/#logo\"}},{\"@type\":\"WebSite\",\"@id\":\"https:\/\/www.procoltd.com\/#website\",\"url\":\"https:\/\/www.procoltd.com\/\",\"name\":\"Proco Plastik\",\"description\":\"%100 Geri D\\u00f6n\\u00fc\\u015f\\u00fcml\\u00fc \\u00dcr\\u00fcnler\",\"publisher\":{\"@id\":\"https:\/\/www.procoltd.com\/#organization\"},\"potentialAction\":[{\"@type\":\"SearchAction\",\"target\":\"https:\/\/www.procoltd.com\/?s={search_term_string}\",\"query-input\":\"required name=search_term_string\"}],\"inLanguage\":\"en-US\"},{\"@type\":\"ImageObject\",\"@id\":\"https:\/\/www.procoltd.com\/urun\/fitil\/#primaryimage\",\"inLanguage\":\"en-US\",\"url\":\"https:\/\/www.procoltd.com\/wp-content\/uploads\/2020\/09\/content_98_2455678505ad3f64b0007b.jpg\",\"width\":793,\"height\":524},{\"@type\":\"WebPage\",\"@id\":\"https:\/\/www.procoltd.com\/urun\/fitil\/#webpage\",\"url\":\"https:\/\/www.procoltd.com\/urun\/fitil\/\",\"name\":\"[:tr]Fitil[:en]Wicks[:] - Proco Plastik\",\"isPartOf\":{\"@id\":\"https:\/\/www.procoltd.com\/#website\"},\"primaryImageOfPage\":{\"@id\":\"https:\/\/www.procoltd.com\/urun\/fitil\/#primaryimage\"},\"datePublished\":\"2020-09-10T16:25:03+00:00\",\"dateModified\":\"2020-09-10T16:25:03+00:00\",\"inLanguage\":\"en-US\",\"potentialAction\":[{\"@type\":\"ReadAction\",\"target\":[\"https:\/\/www.procoltd.com\/urun\/fitil\/\"]}]}]}<\/script>\n<!-- \/ Yoast SEO plugin. -->","_links":{"self":[{"href":"https:\/\/www.procoltd.com\/en\/wp-json\/wp\/v2\/product\/114","targetHints":{"allow":["GET"]}}],"collection":[{"href":"https:\/\/www.procoltd.com\/en\/wp-json\/wp\/v2\/product"}],"about":[{"href":"https:\/\/www.procoltd.com\/en\/wp-json\/wp\/v2\/types\/product"}],"wp:featuredmedia":[{"embeddable":true,"href":"https:\/\/www.procoltd.com\/en\/wp-json\/wp\/v2\/media\/115"}],"wp:attachment":[{"href":"https:\/\/www.procoltd.com\/en\/wp-json\/wp\/v2\/media?parent=114"}],"curies":[{"name":"wp","href":"https:\/\/api.w.org\/{rel}","templated":true}]}}