{"id":116,"date":"2020-09-10T16:26:53","date_gmt":"2020-09-10T16:26:53","guid":{"rendered":"http:\/\/www.procoltd.com\/?post_type=product&#038;p=116"},"modified":"2021-04-13T06:49:50","modified_gmt":"2021-04-13T06:49:50","slug":"radyator-arkaligi","status":"publish","type":"product","link":"https:\/\/www.procoltd.com\/en\/urun\/radyator-arkaligi\/","title":{"rendered":"Radiator Board"},"content":{"rendered":"<p><\/p>\n<ul>\n<li>Thickness : 15mm<\/li>\n<li>Dimension: 50cm x 100cm<\/li>\n<\/ul>\n<p><\/p>","protected":false},"excerpt":{"rendered":"<p>One side is reflective aluminum foil coated, 15mm thick polyethylene. Used behind the radiator and behind the stove. Since the outside walls behind the radiators are thin, the heat from the radiators leads to heat loss. ProFlex radiator backrest placed between the radiator and the wall prevents the temperature from escaping. Thanks to the foil, the temperature is restored to the center.<\/p>\n","protected":false},"featured_media":210,"template":"","meta":[],"class_list":["post-116","product","type-product","status-publish","has-post-thumbnail","hentry","product_cat-isi-yalitim"],"yoast_head":"<!-- This site is optimized with the Yoast SEO plugin v15.5 - https:\/\/yoast.com\/wordpress\/plugins\/seo\/ -->\n<title>Radiator Board  - Proco Plastik<\/title>\n<meta name=\"robots\" content=\"index, follow, max-snippet:-1, max-image-preview:large, max-video-preview:-1\" \/>\n<link rel=\"canonical\" href=\"https:\/\/www.procoltd.com\/urun\/radyator-arkaligi\/\" \/>\n<meta property=\"og:locale\" content=\"en_US\" \/>\n<meta property=\"og:type\" content=\"article\" \/>\n<meta property=\"og:title\" content=\"[:tr] Radyat\u00f6r Arkal\u0131\u011f\u0131 [:en] Radiator Board [:] - Proco Plastik\" \/>\n<meta property=\"og:description\" content=\"[:tr]  Bir y\u00fcz\u00fc yans\u0131t\u0131c\u0131 al\u00fcminyum folyo kapl\u0131, 15mm kal\u0131nl\u0131\u011f\u0131nda polietilen&#039; den \u00fcretilmi\u015f levhalard\u0131r. Radyat\u00f6r arkas\u0131 ve soba arkas\u0131nda kullan\u0131l\u0131r. Radyat\u00f6rlerin arkas\u0131ndaki d\u0131\u015f duvarlar ince oldu\u011fu i\u00e7in, radyat\u00f6rlerden \u00e7\u0131kan s\u0131cakl\u0131k \u0131s\u0131 kayb\u0131na yol a\u00e7ar. Radyat\u00f6r ile duvar aras\u0131nda konan proflex radyat\u00f6r arkal\u0131\u011f\u0131 sayesinde s\u0131cakl\u0131\u011f\u0131n d\u0131\u015far\u0131 ka\u00e7mas\u0131 engellenir. Folyo sayesinde s\u0131cakl\u0131\u011f\u0131n ortama geri kazand\u0131r\u0131lmas\u0131 sa\u011flan\u0131r. [:en]One side is reflective aluminum foil coated, 15mm thick polyethylene. Used behind the radiator and behind the stove. Since the outside walls behind the radiators are thin, the heat from the radiators leads to heat loss. ProFlex radiator backrest placed between the radiator and the wall prevents the temperature from escaping. Thanks to the foil, the temperature is restored to the center.[:]\" \/>\n<meta property=\"og:url\" content=\"https:\/\/www.procoltd.com\/urun\/radyator-arkaligi\/\" \/>\n<meta property=\"og:site_name\" content=\"Proco Plastik\" \/>\n<meta property=\"article:publisher\" content=\"https:\/\/www.facebook.com\/Proco-Plastik-San-ve-D%c4%b1%c5%9f-Tic-A%c5%9e-113358142062588\/\" \/>\n<meta property=\"article:modified_time\" content=\"2021-04-13T06:49:50+00:00\" \/>\n<meta property=\"og:image\" content=\"https:\/\/www.procoltd.com\/wp-content\/uploads\/2020\/09\/woocommerce-placeholder.jpg\" \/>\n\t<meta property=\"og:image:width\" content=\"800\" \/>\n\t<meta property=\"og:image:height\" content=\"449\" \/>\n<meta name=\"twitter:card\" content=\"summary_large_image\" \/>\n<meta name=\"twitter:label1\" content=\"Est. reading time\">\n\t<meta name=\"twitter:data1\" content=\"0 minutes\">\n<script type=\"application\/ld+json\" class=\"yoast-schema-graph\">{\"@context\":\"https:\/\/schema.org\",\"@graph\":[{\"@type\":\"Organization\",\"@id\":\"https:\/\/www.procoltd.com\/#organization\",\"name\":\"Proco Plastik\",\"url\":\"https:\/\/www.procoltd.com\/\",\"sameAs\":[\"https:\/\/www.facebook.com\/Proco-Plastik-San-ve-D\\u0131\\u015f-Tic-A\\u015e-113358142062588\/\",\"https:\/\/www.instagram.com\/proco_plastik\/\",\"https:\/\/www.linkedin.com\/company\/proco-plastik\/\"],\"logo\":{\"@type\":\"ImageObject\",\"@id\":\"https:\/\/www.procoltd.com\/#logo\",\"inLanguage\":\"en-US\",\"url\":\"https:\/\/www.procoltd.com\/wp-content\/uploads\/2020\/09\/favicon.png\",\"width\":512,\"height\":512,\"caption\":\"Proco Plastik\"},\"image\":{\"@id\":\"https:\/\/www.procoltd.com\/#logo\"}},{\"@type\":\"WebSite\",\"@id\":\"https:\/\/www.procoltd.com\/#website\",\"url\":\"https:\/\/www.procoltd.com\/\",\"name\":\"Proco Plastik\",\"description\":\"%100 Geri D\\u00f6n\\u00fc\\u015f\\u00fcml\\u00fc \\u00dcr\\u00fcnler\",\"publisher\":{\"@id\":\"https:\/\/www.procoltd.com\/#organization\"},\"potentialAction\":[{\"@type\":\"SearchAction\",\"target\":\"https:\/\/www.procoltd.com\/?s={search_term_string}\",\"query-input\":\"required name=search_term_string\"}],\"inLanguage\":\"en-US\"},{\"@type\":\"ImageObject\",\"@id\":\"https:\/\/www.procoltd.com\/urun\/radyator-arkaligi\/#primaryimage\",\"inLanguage\":\"en-US\",\"url\":\"https:\/\/www.procoltd.com\/wp-content\/uploads\/2020\/09\/woocommerce-placeholder.jpg\",\"width\":800,\"height\":449},{\"@type\":\"WebPage\",\"@id\":\"https:\/\/www.procoltd.com\/urun\/radyator-arkaligi\/#webpage\",\"url\":\"https:\/\/www.procoltd.com\/urun\/radyator-arkaligi\/\",\"name\":\"[:tr] Radyat\\u00f6r Arkal\\u0131\\u011f\\u0131 [:en] Radiator Board [:] - Proco Plastik\",\"isPartOf\":{\"@id\":\"https:\/\/www.procoltd.com\/#website\"},\"primaryImageOfPage\":{\"@id\":\"https:\/\/www.procoltd.com\/urun\/radyator-arkaligi\/#primaryimage\"},\"datePublished\":\"2020-09-10T16:26:53+00:00\",\"dateModified\":\"2021-04-13T06:49:50+00:00\",\"inLanguage\":\"en-US\",\"potentialAction\":[{\"@type\":\"ReadAction\",\"target\":[\"https:\/\/www.procoltd.com\/urun\/radyator-arkaligi\/\"]}]}]}<\/script>\n<!-- \/ Yoast SEO plugin. -->","_links":{"self":[{"href":"https:\/\/www.procoltd.com\/en\/wp-json\/wp\/v2\/product\/116","targetHints":{"allow":["GET"]}}],"collection":[{"href":"https:\/\/www.procoltd.com\/en\/wp-json\/wp\/v2\/product"}],"about":[{"href":"https:\/\/www.procoltd.com\/en\/wp-json\/wp\/v2\/types\/product"}],"wp:featuredmedia":[{"embeddable":true,"href":"https:\/\/www.procoltd.com\/en\/wp-json\/wp\/v2\/media\/210"}],"wp:attachment":[{"href":"https:\/\/www.procoltd.com\/en\/wp-json\/wp\/v2\/media?parent=116"}],"curies":[{"name":"wp","href":"https:\/\/api.w.org\/{rel}","templated":true}]}}