{"id":137,"date":"2020-09-10T18:04:56","date_gmt":"2020-09-10T18:04:56","guid":{"rendered":"http:\/\/www.procoltd.com\/?post_type=product&#038;p=137"},"modified":"2020-09-10T18:04:57","modified_gmt":"2020-09-10T18:04:57","slug":"sap-alti","status":"publish","type":"product","link":"https:\/\/www.procoltd.com\/en\/urun\/sap-alti\/","title":{"rendered":"Under Screed"},"content":{"rendered":"<p><\/p>\n<ul>\n<li>Heat Conduction Coefficient (l): 0,040 W \/ mK (40 \u00b0 C)<\/li>\n<li>Density: 25-30 Kg \/ m\u00b3<\/li>\n<li>Sound Absorption Capacity: 20-23dB; 60-65dB * Standard Thickness: 3mm -5mm-8mm-10mm * Water Absorption Sensitivity: 1.6% of the volume after 28 days * Color: Gray &#8211; White<\/li>\n<li>Water Vapor Diffusion Resistance Coefficient: \u03bc&gt; = 3500<\/li>\n<li>It removes the surface imperfections and roughness, it does not transfer these disorders to the superstructure.<\/li>\n<\/ul>\n<p><\/p>","protected":false},"excerpt":{"rendered":"<p>POLISHING AND SOUND CUTTER POLYETHYLENE PLATE<br \/>\nProphon Impact Sound Cutting Sheets made of high quality closed cell structure made of rolls are made of polyethylene based materials. Prophon plates are produced as rolls in 3-4-5-8-10 mm wall thicknesses.<\/p>\n<p>APPLICATIONS<br \/>\nIt is laid freely under the masonry or under the masonry underlayment and lapping. In order to avoid contact with the screed wall, PROPHON impact sound cutter plate is rotated until the skirtings are applied. In general, a 5 cm floating screed is placed on the levhan. The slab used under the screed does not swallow sound with the sake the capacity is better. You can also see the application diagram between the images.<\/p>\n","protected":false},"featured_media":140,"template":"","meta":[],"class_list":["post-137","product","type-product","status-publish","has-post-thumbnail","hentry","product_cat-zemin-urunleri"],"yoast_head":"<!-- This site is optimized with the Yoast SEO plugin v15.5 - https:\/\/yoast.com\/wordpress\/plugins\/seo\/ -->\n<title>Under Screed  - Proco Plastik<\/title>\n<meta name=\"robots\" content=\"index, follow, max-snippet:-1, max-image-preview:large, max-video-preview:-1\" \/>\n<link rel=\"canonical\" href=\"https:\/\/www.procoltd.com\/urun\/sap-alti\/\" \/>\n<meta property=\"og:locale\" content=\"en_US\" \/>\n<meta property=\"og:type\" content=\"article\" \/>\n<meta property=\"og:title\" content=\"[:tr] \u015eap Alt\u0131 [:en] Under Screed [:] - Proco Plastik\" \/>\n<meta property=\"og:description\" content=\"[:tr]DARBE SES KES\u0130C\u0130 POL\u0130ET\u0130LEN LEVHA  Prophon darbe ses kesici levhalar y\u00fcksek kaliteli kapal\u0131 h\u00fccre yap\u0131s\u0131na sahip rulo olarak imal edilen darbe ses kesici polietilen esasl\u0131 malzemelerdir. Prophon levhalar 3-4-5-8-10 mm et kal\u0131nl\u0131klar\u0131nda rulo \u015feklinde \u00fcretilmektedir.  UYGULAMALAR \u015eap alt\u0131na veya d\u00f6\u015feme kaplamas\u0131 alt\u0131na bindirme ve boh\u00e7alama ile serbest olarak serilir. \u015eapla duvar\u0131n temas etmemesi i\u00e7in uygulama esnas\u0131nda PROPHON darbe ses kesici levhan\u0131n s\u00fcp\u00fcrgeliklere kadar d\u00f6nmesi sa\u011flan\u0131r. Genelde levhan\u0131n \u00fczerine 5 cm y\u00fczer \u015fap at\u0131l\u0131r. \u015eap alt\u0131nda kullan\u0131lan levhan\u0131n \u015fapla birlikte ses yutma kapasitesi daha iyi olur. G\u00f6rseller aras\u0131nda uygulama \u015femas\u0131n\u0131 da g\u00f6rebileceksiniz.[:en]POLISHING AND SOUND CUTTER POLYETHYLENE PLATE Prophon Impact Sound Cutting Sheets made of high quality closed cell structure made of rolls are made of polyethylene based materials. Prophon plates are produced as rolls in 3-4-5-8-10 mm wall thicknesses.  APPLICATIONS It is laid freely under the masonry or under the masonry underlayment and lapping. In order to avoid contact with the screed wall, PROPHON impact sound cutter plate is rotated until the skirtings are applied. In general, a 5 cm floating screed is placed on the levhan. The slab used under the screed does not swallow sound with the sake the capacity is better. You can also see the application diagram between the images.[:]\" \/>\n<meta property=\"og:url\" content=\"https:\/\/www.procoltd.com\/urun\/sap-alti\/\" \/>\n<meta property=\"og:site_name\" content=\"Proco Plastik\" \/>\n<meta property=\"article:publisher\" content=\"https:\/\/www.facebook.com\/Proco-Plastik-San-ve-D%c4%b1%c5%9f-Tic-A%c5%9e-113358142062588\/\" \/>\n<meta property=\"article:modified_time\" content=\"2020-09-10T18:04:57+00:00\" \/>\n<meta property=\"og:image\" content=\"https:\/\/www.procoltd.com\/wp-content\/uploads\/2020\/09\/4373326605ad40602665f5.jpeg\" \/>\n\t<meta property=\"og:image:width\" content=\"520\" \/>\n\t<meta property=\"og:image:height\" content=\"325\" \/>\n<meta name=\"twitter:card\" content=\"summary_large_image\" \/>\n<meta name=\"twitter:label1\" content=\"Est. reading time\">\n\t<meta name=\"twitter:data1\" content=\"1 minute\">\n<script type=\"application\/ld+json\" class=\"yoast-schema-graph\">{\"@context\":\"https:\/\/schema.org\",\"@graph\":[{\"@type\":\"Organization\",\"@id\":\"https:\/\/www.procoltd.com\/#organization\",\"name\":\"Proco Plastik\",\"url\":\"https:\/\/www.procoltd.com\/\",\"sameAs\":[\"https:\/\/www.facebook.com\/Proco-Plastik-San-ve-D\\u0131\\u015f-Tic-A\\u015e-113358142062588\/\",\"https:\/\/www.instagram.com\/proco_plastik\/\",\"https:\/\/www.linkedin.com\/company\/proco-plastik\/\"],\"logo\":{\"@type\":\"ImageObject\",\"@id\":\"https:\/\/www.procoltd.com\/#logo\",\"inLanguage\":\"en-US\",\"url\":\"https:\/\/www.procoltd.com\/wp-content\/uploads\/2020\/09\/favicon.png\",\"width\":512,\"height\":512,\"caption\":\"Proco Plastik\"},\"image\":{\"@id\":\"https:\/\/www.procoltd.com\/#logo\"}},{\"@type\":\"WebSite\",\"@id\":\"https:\/\/www.procoltd.com\/#website\",\"url\":\"https:\/\/www.procoltd.com\/\",\"name\":\"Proco Plastik\",\"description\":\"%100 Geri D\\u00f6n\\u00fc\\u015f\\u00fcml\\u00fc \\u00dcr\\u00fcnler\",\"publisher\":{\"@id\":\"https:\/\/www.procoltd.com\/#organization\"},\"potentialAction\":[{\"@type\":\"SearchAction\",\"target\":\"https:\/\/www.procoltd.com\/?s={search_term_string}\",\"query-input\":\"required name=search_term_string\"}],\"inLanguage\":\"en-US\"},{\"@type\":\"ImageObject\",\"@id\":\"https:\/\/www.procoltd.com\/urun\/sap-alti\/#primaryimage\",\"inLanguage\":\"en-US\",\"url\":\"https:\/\/www.procoltd.com\/wp-content\/uploads\/2020\/09\/4373326605ad40602665f5.jpeg\",\"width\":520,\"height\":325},{\"@type\":\"WebPage\",\"@id\":\"https:\/\/www.procoltd.com\/urun\/sap-alti\/#webpage\",\"url\":\"https:\/\/www.procoltd.com\/urun\/sap-alti\/\",\"name\":\"[:tr] \\u015eap Alt\\u0131 [:en] Under Screed [:] - Proco Plastik\",\"isPartOf\":{\"@id\":\"https:\/\/www.procoltd.com\/#website\"},\"primaryImageOfPage\":{\"@id\":\"https:\/\/www.procoltd.com\/urun\/sap-alti\/#primaryimage\"},\"datePublished\":\"2020-09-10T18:04:56+00:00\",\"dateModified\":\"2020-09-10T18:04:57+00:00\",\"inLanguage\":\"en-US\",\"potentialAction\":[{\"@type\":\"ReadAction\",\"target\":[\"https:\/\/www.procoltd.com\/urun\/sap-alti\/\"]}]}]}<\/script>\n<!-- \/ Yoast SEO plugin. -->","_links":{"self":[{"href":"https:\/\/www.procoltd.com\/en\/wp-json\/wp\/v2\/product\/137","targetHints":{"allow":["GET"]}}],"collection":[{"href":"https:\/\/www.procoltd.com\/en\/wp-json\/wp\/v2\/product"}],"about":[{"href":"https:\/\/www.procoltd.com\/en\/wp-json\/wp\/v2\/types\/product"}],"wp:featuredmedia":[{"embeddable":true,"href":"https:\/\/www.procoltd.com\/en\/wp-json\/wp\/v2\/media\/140"}],"wp:attachment":[{"href":"https:\/\/www.procoltd.com\/en\/wp-json\/wp\/v2\/media?parent=137"}],"curies":[{"name":"wp","href":"https:\/\/api.w.org\/{rel}","templated":true}]}}