{"id":145,"date":"2020-09-10T18:09:13","date_gmt":"2020-09-10T18:09:13","guid":{"rendered":"http:\/\/www.procoltd.com\/?post_type=product&#038;p=145"},"modified":"2020-09-10T18:09:13","modified_gmt":"2020-09-10T18:09:13","slug":"sert-kopuk","status":"publish","type":"product","link":"https:\/\/www.procoltd.com\/en\/urun\/sert-kopuk\/","title":{"rendered":"Hard Foam"},"content":{"rendered":"<p><\/p>\n<ul>\n<li>Thickness: 3 mm \/ 5 mm<\/li>\n<li>Dimension: 80 x 125 cm<\/li>\n<li>Color: Green &amp; Green (contact us for different color requests)<\/li>\n<li>Density: 25-30 kg \/ m\u00b3<\/li>\n<\/ul>\n<p><\/p>","protected":false},"excerpt":{"rendered":"<p>POLYSTYRENE FOAM PLATE<br \/>\nProfoam hardwood foams are produced from completely recycled materials with regular closed cell structure. It is manufactured to provide heat, humidity and sound insulation in walls, ceilings and upholstery of all buildings.<\/p>\n","protected":false},"featured_media":149,"template":"","meta":[],"class_list":["post-145","product","type-product","status-publish","has-post-thumbnail","hentry","product_cat-zemin-urunleri"],"yoast_head":"<!-- This site is optimized with the Yoast SEO plugin v15.5 - https:\/\/yoast.com\/wordpress\/plugins\/seo\/ -->\n<title>Hard Foam  - Proco Plastik<\/title>\n<meta name=\"robots\" content=\"index, follow, max-snippet:-1, max-image-preview:large, max-video-preview:-1\" \/>\n<link rel=\"canonical\" href=\"https:\/\/www.procoltd.com\/urun\/sert-kopuk\/\" \/>\n<meta property=\"og:locale\" content=\"en_US\" \/>\n<meta property=\"og:type\" content=\"article\" \/>\n<meta property=\"og:title\" content=\"[:tr] Sert K\u00f6p\u00fck [:en] Hard Foam [:] - Proco Plastik\" \/>\n<meta property=\"og:description\" content=\"[:tr]POL\u0130ST\u0130REN K\u00d6P\u00dcK LEVHA  Profoam parke alt\u0131 sert k\u00f6p\u00fckler d\u00fczenli kapal\u0131 h\u00fccre yap\u0131s\u0131na sahip tamamen geri d\u00f6n\u00fc\u015f\u00fcml\u00fc malzemelerden \u00fcretilmektedir. T\u00fcm binalar\u0131n duvar, tavan ve d\u00f6\u015femelerinde \u0131s\u0131, nem ve ses izolasyonu sa\u011flamak i\u00e7in \u00fcretilmi\u015ftir.[:en]POLYSTYRENE FOAM PLATE Profoam hardwood foams are produced from completely recycled materials with regular closed cell structure. It is manufactured to provide heat, humidity and sound insulation in walls, ceilings and upholstery of all buildings.[:]\" \/>\n<meta property=\"og:url\" content=\"https:\/\/www.procoltd.com\/urun\/sert-kopuk\/\" \/>\n<meta property=\"og:site_name\" content=\"Proco Plastik\" \/>\n<meta property=\"article:publisher\" content=\"https:\/\/www.facebook.com\/Proco-Plastik-San-ve-D%c4%b1%c5%9f-Tic-A%c5%9e-113358142062588\/\" \/>\n<meta property=\"og:image\" content=\"https:\/\/www.procoltd.com\/wp-content\/uploads\/2020\/09\/5146626195ad4088d6773f.jpeg\" \/>\n\t<meta property=\"og:image:width\" content=\"520\" \/>\n\t<meta property=\"og:image:height\" content=\"325\" \/>\n<meta name=\"twitter:card\" content=\"summary_large_image\" \/>\n<meta name=\"twitter:label1\" content=\"Est. reading time\">\n\t<meta name=\"twitter:data1\" content=\"0 minutes\">\n<script type=\"application\/ld+json\" class=\"yoast-schema-graph\">{\"@context\":\"https:\/\/schema.org\",\"@graph\":[{\"@type\":\"Organization\",\"@id\":\"https:\/\/www.procoltd.com\/#organization\",\"name\":\"Proco Plastik\",\"url\":\"https:\/\/www.procoltd.com\/\",\"sameAs\":[\"https:\/\/www.facebook.com\/Proco-Plastik-San-ve-D\\u0131\\u015f-Tic-A\\u015e-113358142062588\/\",\"https:\/\/www.instagram.com\/proco_plastik\/\",\"https:\/\/www.linkedin.com\/company\/proco-plastik\/\"],\"logo\":{\"@type\":\"ImageObject\",\"@id\":\"https:\/\/www.procoltd.com\/#logo\",\"inLanguage\":\"en-US\",\"url\":\"https:\/\/www.procoltd.com\/wp-content\/uploads\/2020\/09\/favicon.png\",\"width\":512,\"height\":512,\"caption\":\"Proco Plastik\"},\"image\":{\"@id\":\"https:\/\/www.procoltd.com\/#logo\"}},{\"@type\":\"WebSite\",\"@id\":\"https:\/\/www.procoltd.com\/#website\",\"url\":\"https:\/\/www.procoltd.com\/\",\"name\":\"Proco Plastik\",\"description\":\"%100 Geri D\\u00f6n\\u00fc\\u015f\\u00fcml\\u00fc \\u00dcr\\u00fcnler\",\"publisher\":{\"@id\":\"https:\/\/www.procoltd.com\/#organization\"},\"potentialAction\":[{\"@type\":\"SearchAction\",\"target\":\"https:\/\/www.procoltd.com\/?s={search_term_string}\",\"query-input\":\"required name=search_term_string\"}],\"inLanguage\":\"en-US\"},{\"@type\":\"ImageObject\",\"@id\":\"https:\/\/www.procoltd.com\/urun\/sert-kopuk\/#primaryimage\",\"inLanguage\":\"en-US\",\"url\":\"https:\/\/www.procoltd.com\/wp-content\/uploads\/2020\/09\/5146626195ad4088d6773f.jpeg\",\"width\":520,\"height\":325},{\"@type\":\"WebPage\",\"@id\":\"https:\/\/www.procoltd.com\/urun\/sert-kopuk\/#webpage\",\"url\":\"https:\/\/www.procoltd.com\/urun\/sert-kopuk\/\",\"name\":\"[:tr] Sert K\\u00f6p\\u00fck [:en] Hard Foam [:] - Proco Plastik\",\"isPartOf\":{\"@id\":\"https:\/\/www.procoltd.com\/#website\"},\"primaryImageOfPage\":{\"@id\":\"https:\/\/www.procoltd.com\/urun\/sert-kopuk\/#primaryimage\"},\"datePublished\":\"2020-09-10T18:09:13+00:00\",\"dateModified\":\"2020-09-10T18:09:13+00:00\",\"inLanguage\":\"en-US\",\"potentialAction\":[{\"@type\":\"ReadAction\",\"target\":[\"https:\/\/www.procoltd.com\/urun\/sert-kopuk\/\"]}]}]}<\/script>\n<!-- \/ Yoast SEO plugin. -->","_links":{"self":[{"href":"https:\/\/www.procoltd.com\/en\/wp-json\/wp\/v2\/product\/145","targetHints":{"allow":["GET"]}}],"collection":[{"href":"https:\/\/www.procoltd.com\/en\/wp-json\/wp\/v2\/product"}],"about":[{"href":"https:\/\/www.procoltd.com\/en\/wp-json\/wp\/v2\/types\/product"}],"wp:featuredmedia":[{"embeddable":true,"href":"https:\/\/www.procoltd.com\/en\/wp-json\/wp\/v2\/media\/149"}],"wp:attachment":[{"href":"https:\/\/www.procoltd.com\/en\/wp-json\/wp\/v2\/media?parent=145"}],"curies":[{"name":"wp","href":"https:\/\/api.w.org\/{rel}","templated":true}]}}