{"id":151,"date":"2020-09-10T18:11:19","date_gmt":"2020-09-10T18:11:19","guid":{"rendered":"http:\/\/www.procoltd.com\/?post_type=product&#038;p=151"},"modified":"2021-04-13T06:44:02","modified_gmt":"2021-04-13T06:44:02","slug":"deniz-makarnasi-ve-kilidi","status":"publish","type":"product","link":"https:\/\/www.procoltd.com\/en\/urun\/deniz-makarnasi-ve-kilidi\/","title":{"rendered":"Pool and Sea Noodles"},"content":{"rendered":"<p><\/p>\n<ul>\n<li>Color: Blue, yellow, green and pink. (please contact for different color requirements)<\/li>\n<\/ul>\n<p><\/p>","protected":false},"excerpt":{"rendered":"<p>Profun sea buckthorn is polyethylene based materials produced by closed cell structure extrusion. It is a material suitable for pool and sea use. It is produced in 4 main colors.<\/p>\n","protected":false},"featured_media":152,"template":"","meta":[],"class_list":["post-151","product","type-product","status-publish","has-post-thumbnail","hentry","product_cat-sezonluk-urunler"],"yoast_head":"<!-- This site is optimized with the Yoast SEO plugin v15.5 - https:\/\/yoast.com\/wordpress\/plugins\/seo\/ -->\n<title>Pool and Sea Noodles  - Proco Plastik<\/title>\n<meta name=\"robots\" content=\"index, follow, max-snippet:-1, max-image-preview:large, max-video-preview:-1\" \/>\n<link rel=\"canonical\" href=\"https:\/\/www.procoltd.com\/urun\/deniz-makarnasi-ve-kilidi\/\" \/>\n<meta property=\"og:locale\" content=\"en_US\" \/>\n<meta property=\"og:type\" content=\"article\" \/>\n<meta property=\"og:title\" content=\"[:tr] Deniz Makarnas\u0131 ve Kilidi [:en] Pool and Sea Noodles [:] - Proco Plastik\" \/>\n<meta property=\"og:description\" content=\"[:tr]Profun deniz makarnas\u0131, kapal\u0131 h\u00fccre yap\u0131l\u0131 extr\u00fczyon ile \u00fcretilen polietilen esasl\u0131 malzemelerdir. Havuz ve deniz kullan\u0131m\u0131na uygun bir malzemedir. 4 ana renk olarak \u00fcretilmektedir.[:en]Profun sea buckthorn is polyethylene based materials produced by closed cell structure extrusion. It is a material suitable for pool and sea use. It is produced in 4 main colors.[:]\" \/>\n<meta property=\"og:url\" content=\"https:\/\/www.procoltd.com\/urun\/deniz-makarnasi-ve-kilidi\/\" \/>\n<meta property=\"og:site_name\" content=\"Proco Plastik\" \/>\n<meta property=\"article:publisher\" content=\"https:\/\/www.facebook.com\/Proco-Plastik-San-ve-D%c4%b1%c5%9f-Tic-A%c5%9e-113358142062588\/\" \/>\n<meta property=\"article:modified_time\" content=\"2021-04-13T06:44:02+00:00\" \/>\n<meta property=\"og:image\" content=\"https:\/\/www.procoltd.com\/wp-content\/uploads\/2020\/09\/content_114_10893331975ad4868a2a5f9.jpg\" \/>\n\t<meta property=\"og:image:width\" content=\"520\" \/>\n\t<meta property=\"og:image:height\" content=\"325\" \/>\n<meta name=\"twitter:card\" content=\"summary_large_image\" \/>\n<meta name=\"twitter:label1\" content=\"Est. reading time\">\n\t<meta name=\"twitter:data1\" content=\"0 minutes\">\n<script type=\"application\/ld+json\" class=\"yoast-schema-graph\">{\"@context\":\"https:\/\/schema.org\",\"@graph\":[{\"@type\":\"Organization\",\"@id\":\"https:\/\/www.procoltd.com\/#organization\",\"name\":\"Proco Plastik\",\"url\":\"https:\/\/www.procoltd.com\/\",\"sameAs\":[\"https:\/\/www.facebook.com\/Proco-Plastik-San-ve-D\\u0131\\u015f-Tic-A\\u015e-113358142062588\/\",\"https:\/\/www.instagram.com\/proco_plastik\/\",\"https:\/\/www.linkedin.com\/company\/proco-plastik\/\"],\"logo\":{\"@type\":\"ImageObject\",\"@id\":\"https:\/\/www.procoltd.com\/#logo\",\"inLanguage\":\"en-US\",\"url\":\"https:\/\/www.procoltd.com\/wp-content\/uploads\/2020\/09\/favicon.png\",\"width\":512,\"height\":512,\"caption\":\"Proco Plastik\"},\"image\":{\"@id\":\"https:\/\/www.procoltd.com\/#logo\"}},{\"@type\":\"WebSite\",\"@id\":\"https:\/\/www.procoltd.com\/#website\",\"url\":\"https:\/\/www.procoltd.com\/\",\"name\":\"Proco Plastik\",\"description\":\"%100 Geri D\\u00f6n\\u00fc\\u015f\\u00fcml\\u00fc \\u00dcr\\u00fcnler\",\"publisher\":{\"@id\":\"https:\/\/www.procoltd.com\/#organization\"},\"potentialAction\":[{\"@type\":\"SearchAction\",\"target\":\"https:\/\/www.procoltd.com\/?s={search_term_string}\",\"query-input\":\"required name=search_term_string\"}],\"inLanguage\":\"en-US\"},{\"@type\":\"ImageObject\",\"@id\":\"https:\/\/www.procoltd.com\/urun\/deniz-makarnasi-ve-kilidi\/#primaryimage\",\"inLanguage\":\"en-US\",\"url\":\"https:\/\/www.procoltd.com\/wp-content\/uploads\/2020\/09\/content_114_10893331975ad4868a2a5f9.jpg\",\"width\":520,\"height\":325},{\"@type\":\"WebPage\",\"@id\":\"https:\/\/www.procoltd.com\/urun\/deniz-makarnasi-ve-kilidi\/#webpage\",\"url\":\"https:\/\/www.procoltd.com\/urun\/deniz-makarnasi-ve-kilidi\/\",\"name\":\"[:tr] Deniz Makarnas\\u0131 ve Kilidi [:en] Pool and Sea Noodles [:] - Proco Plastik\",\"isPartOf\":{\"@id\":\"https:\/\/www.procoltd.com\/#website\"},\"primaryImageOfPage\":{\"@id\":\"https:\/\/www.procoltd.com\/urun\/deniz-makarnasi-ve-kilidi\/#primaryimage\"},\"datePublished\":\"2020-09-10T18:11:19+00:00\",\"dateModified\":\"2021-04-13T06:44:02+00:00\",\"inLanguage\":\"en-US\",\"potentialAction\":[{\"@type\":\"ReadAction\",\"target\":[\"https:\/\/www.procoltd.com\/urun\/deniz-makarnasi-ve-kilidi\/\"]}]}]}<\/script>\n<!-- \/ Yoast SEO plugin. -->","_links":{"self":[{"href":"https:\/\/www.procoltd.com\/en\/wp-json\/wp\/v2\/product\/151","targetHints":{"allow":["GET"]}}],"collection":[{"href":"https:\/\/www.procoltd.com\/en\/wp-json\/wp\/v2\/product"}],"about":[{"href":"https:\/\/www.procoltd.com\/en\/wp-json\/wp\/v2\/types\/product"}],"wp:featuredmedia":[{"embeddable":true,"href":"https:\/\/www.procoltd.com\/en\/wp-json\/wp\/v2\/media\/152"}],"wp:attachment":[{"href":"https:\/\/www.procoltd.com\/en\/wp-json\/wp\/v2\/media?parent=151"}],"curies":[{"name":"wp","href":"https:\/\/api.w.org\/{rel}","templated":true}]}}