{"id":159,"date":"2020-09-10T20:02:29","date_gmt":"2020-09-10T20:02:29","guid":{"rendered":"http:\/\/www.procoltd.com\/?post_type=product&#038;p=159"},"modified":"2020-09-10T20:02:29","modified_gmt":"2020-09-10T20:02:29","slug":"oturma-minderi","status":"publish","type":"product","link":"https:\/\/www.procoltd.com\/en\/urun\/oturma-minderi\/","title":{"rendered":"Seat Cushion"},"content":{"rendered":"<p><\/p>\n<ul>\n<li>Ebat : 35cm X 32cm<\/li>\n<\/ul>\n<h4>USAGE AREAS<\/h4>\n<ul>\n<li>To sit in statues and concert spaces.<\/li>\n<li>To replace the index when changing the car tire.<\/li>\n<li>To put a knee-deep while gardening.<\/li>\n<\/ul>\n<p><\/p>","protected":false},"excerpt":{"rendered":"<p>Made of low density polyethylene foam. Many areas are ideal materials for different purposes. Produced in fanatic colors.<\/p>\n","protected":false},"featured_media":161,"template":"","meta":[],"class_list":["post-159","product","type-product","status-publish","has-post-thumbnail","hentry","product_cat-sezonluk-urunler"],"yoast_head":"<!-- This site is optimized with the Yoast SEO plugin v15.5 - https:\/\/yoast.com\/wordpress\/plugins\/seo\/ -->\n<title>Seat Cushion  - Proco Plastik<\/title>\n<meta name=\"robots\" content=\"index, follow, max-snippet:-1, max-image-preview:large, max-video-preview:-1\" \/>\n<link rel=\"canonical\" href=\"https:\/\/www.procoltd.com\/urun\/oturma-minderi\/\" \/>\n<meta property=\"og:locale\" content=\"en_US\" \/>\n<meta property=\"og:type\" content=\"article\" \/>\n<meta property=\"og:title\" content=\"[:tr] Oturma Minderi [:en] Seat Cushion [:] - Proco Plastik\" \/>\n<meta property=\"og:description\" content=\"[:tr]Al\u00e7ak yo\u011funluklu polietilen k\u00f6p\u00fckten imal edilmi\u015ftir. Bir\u00e7ok alanda farkl\u0131 ama\u00e7lar i\u00e7in kullan\u0131labilecek ideal bir malzemedir. Fanatik renklerde \u00fcretilmektedir.[:en]Made of low density polyethylene foam. Many areas are ideal materials for different purposes. Produced in fanatic colors.[:]\" \/>\n<meta property=\"og:url\" content=\"https:\/\/www.procoltd.com\/urun\/oturma-minderi\/\" \/>\n<meta property=\"og:site_name\" content=\"Proco Plastik\" \/>\n<meta property=\"article:publisher\" content=\"https:\/\/www.facebook.com\/Proco-Plastik-San-ve-D%c4%b1%c5%9f-Tic-A%c5%9e-113358142062588\/\" \/>\n<meta property=\"og:image\" content=\"https:\/\/www.procoltd.com\/wp-content\/uploads\/2020\/09\/11758930195ad4853d574d8.jpeg\" \/>\n\t<meta property=\"og:image:width\" content=\"520\" \/>\n\t<meta property=\"og:image:height\" content=\"325\" \/>\n<meta name=\"twitter:card\" content=\"summary_large_image\" \/>\n<meta name=\"twitter:label1\" content=\"Est. reading time\">\n\t<meta name=\"twitter:data1\" content=\"0 minutes\">\n<script type=\"application\/ld+json\" class=\"yoast-schema-graph\">{\"@context\":\"https:\/\/schema.org\",\"@graph\":[{\"@type\":\"Organization\",\"@id\":\"https:\/\/www.procoltd.com\/#organization\",\"name\":\"Proco Plastik\",\"url\":\"https:\/\/www.procoltd.com\/\",\"sameAs\":[\"https:\/\/www.facebook.com\/Proco-Plastik-San-ve-D\\u0131\\u015f-Tic-A\\u015e-113358142062588\/\",\"https:\/\/www.instagram.com\/proco_plastik\/\",\"https:\/\/www.linkedin.com\/company\/proco-plastik\/\"],\"logo\":{\"@type\":\"ImageObject\",\"@id\":\"https:\/\/www.procoltd.com\/#logo\",\"inLanguage\":\"en-US\",\"url\":\"https:\/\/www.procoltd.com\/wp-content\/uploads\/2020\/09\/favicon.png\",\"width\":512,\"height\":512,\"caption\":\"Proco Plastik\"},\"image\":{\"@id\":\"https:\/\/www.procoltd.com\/#logo\"}},{\"@type\":\"WebSite\",\"@id\":\"https:\/\/www.procoltd.com\/#website\",\"url\":\"https:\/\/www.procoltd.com\/\",\"name\":\"Proco Plastik\",\"description\":\"%100 Geri D\\u00f6n\\u00fc\\u015f\\u00fcml\\u00fc \\u00dcr\\u00fcnler\",\"publisher\":{\"@id\":\"https:\/\/www.procoltd.com\/#organization\"},\"potentialAction\":[{\"@type\":\"SearchAction\",\"target\":\"https:\/\/www.procoltd.com\/?s={search_term_string}\",\"query-input\":\"required name=search_term_string\"}],\"inLanguage\":\"en-US\"},{\"@type\":\"ImageObject\",\"@id\":\"https:\/\/www.procoltd.com\/urun\/oturma-minderi\/#primaryimage\",\"inLanguage\":\"en-US\",\"url\":\"https:\/\/www.procoltd.com\/wp-content\/uploads\/2020\/09\/11758930195ad4853d574d8.jpeg\",\"width\":520,\"height\":325},{\"@type\":\"WebPage\",\"@id\":\"https:\/\/www.procoltd.com\/urun\/oturma-minderi\/#webpage\",\"url\":\"https:\/\/www.procoltd.com\/urun\/oturma-minderi\/\",\"name\":\"[:tr] Oturma Minderi [:en] Seat Cushion [:] - Proco Plastik\",\"isPartOf\":{\"@id\":\"https:\/\/www.procoltd.com\/#website\"},\"primaryImageOfPage\":{\"@id\":\"https:\/\/www.procoltd.com\/urun\/oturma-minderi\/#primaryimage\"},\"datePublished\":\"2020-09-10T20:02:29+00:00\",\"dateModified\":\"2020-09-10T20:02:29+00:00\",\"inLanguage\":\"en-US\",\"potentialAction\":[{\"@type\":\"ReadAction\",\"target\":[\"https:\/\/www.procoltd.com\/urun\/oturma-minderi\/\"]}]}]}<\/script>\n<!-- \/ Yoast SEO plugin. -->","_links":{"self":[{"href":"https:\/\/www.procoltd.com\/en\/wp-json\/wp\/v2\/product\/159","targetHints":{"allow":["GET"]}}],"collection":[{"href":"https:\/\/www.procoltd.com\/en\/wp-json\/wp\/v2\/product"}],"about":[{"href":"https:\/\/www.procoltd.com\/en\/wp-json\/wp\/v2\/types\/product"}],"wp:featuredmedia":[{"embeddable":true,"href":"https:\/\/www.procoltd.com\/en\/wp-json\/wp\/v2\/media\/161"}],"wp:attachment":[{"href":"https:\/\/www.procoltd.com\/en\/wp-json\/wp\/v2\/media?parent=159"}],"curies":[{"name":"wp","href":"https:\/\/api.w.org\/{rel}","templated":true}]}}