{"id":162,"date":"2020-09-10T20:06:34","date_gmt":"2020-09-10T20:06:34","guid":{"rendered":"http:\/\/www.procoltd.com\/?post_type=product&#038;p=162"},"modified":"2020-09-12T02:43:49","modified_gmt":"2020-09-12T02:43:49","slug":"aluminyum-folyo-ve-bantlar","status":"publish","type":"product","link":"https:\/\/www.procoltd.com\/en\/urun\/aluminyum-folyo-ve-bantlar\/","title":{"rendered":"Aluminum Foils and Tapes"},"content":{"rendered":"","protected":false},"excerpt":{"rendered":"<p>It is used for the sealing of joints of aluminum foil covered insulation materials and aluminum foil used as a steam cutter. Reinforced, unreinforced and high temperature resistant types are available.<\/p>\n","protected":false},"featured_media":210,"template":"","meta":[],"class_list":["post-162","product","type-product","status-publish","has-post-thumbnail","hentry","product_cat-aksesuarlar"],"yoast_head":"<!-- This site is optimized with the Yoast SEO plugin v15.5 - https:\/\/yoast.com\/wordpress\/plugins\/seo\/ -->\n<title>Aluminum Foils and Tapes - Proco Plastik<\/title>\n<meta name=\"robots\" content=\"index, follow, max-snippet:-1, max-image-preview:large, max-video-preview:-1\" \/>\n<link rel=\"canonical\" href=\"https:\/\/www.procoltd.com\/urun\/aluminyum-folyo-ve-bantlar\/\" \/>\n<meta property=\"og:locale\" content=\"en_US\" \/>\n<meta property=\"og:type\" content=\"article\" \/>\n<meta property=\"og:title\" content=\"[:tr]Al\u00fcminyum Folyo ve Bantlar[:en]Aluminum Foils and Tapes[:] - Proco Plastik\" \/>\n<meta property=\"og:description\" content=\"[:tr]Al\u00fcminyum folyo kapl\u0131 yal\u0131t\u0131m malzemelerinin ve bir buhar kesici olarak kullan\u0131lan al\u00fcminyum folyosunun derzlerinin kapat\u0131lmas\u0131nda kullan\u0131l\u0131r. G\u00fc\u00e7lendirilmi\u015f, takviyesiz ve y\u00fcksek s\u0131cakl\u0131\u011fa dayan\u0131kl\u0131 tipler mevcuttur. [:en]It is used for the sealing of joints of aluminum foil covered insulation materials and aluminum foil used as a steam cutter. Reinforced, unreinforced and high temperature resistant types are available.[:]\" \/>\n<meta property=\"og:url\" content=\"https:\/\/www.procoltd.com\/urun\/aluminyum-folyo-ve-bantlar\/\" \/>\n<meta property=\"og:site_name\" content=\"Proco Plastik\" \/>\n<meta property=\"article:publisher\" content=\"https:\/\/www.facebook.com\/Proco-Plastik-San-ve-D%c4%b1%c5%9f-Tic-A%c5%9e-113358142062588\/\" \/>\n<meta property=\"article:modified_time\" content=\"2020-09-12T02:43:49+00:00\" \/>\n<meta property=\"og:image\" content=\"https:\/\/www.procoltd.com\/wp-content\/uploads\/2020\/09\/woocommerce-placeholder.jpg\" \/>\n\t<meta property=\"og:image:width\" content=\"800\" \/>\n\t<meta property=\"og:image:height\" content=\"449\" \/>\n<meta name=\"twitter:card\" content=\"summary_large_image\" \/>\n<script type=\"application\/ld+json\" class=\"yoast-schema-graph\">{\"@context\":\"https:\/\/schema.org\",\"@graph\":[{\"@type\":\"Organization\",\"@id\":\"https:\/\/www.procoltd.com\/#organization\",\"name\":\"Proco Plastik\",\"url\":\"https:\/\/www.procoltd.com\/\",\"sameAs\":[\"https:\/\/www.facebook.com\/Proco-Plastik-San-ve-D\\u0131\\u015f-Tic-A\\u015e-113358142062588\/\",\"https:\/\/www.instagram.com\/proco_plastik\/\",\"https:\/\/www.linkedin.com\/company\/proco-plastik\/\"],\"logo\":{\"@type\":\"ImageObject\",\"@id\":\"https:\/\/www.procoltd.com\/#logo\",\"inLanguage\":\"en-US\",\"url\":\"https:\/\/www.procoltd.com\/wp-content\/uploads\/2020\/09\/favicon.png\",\"width\":512,\"height\":512,\"caption\":\"Proco Plastik\"},\"image\":{\"@id\":\"https:\/\/www.procoltd.com\/#logo\"}},{\"@type\":\"WebSite\",\"@id\":\"https:\/\/www.procoltd.com\/#website\",\"url\":\"https:\/\/www.procoltd.com\/\",\"name\":\"Proco Plastik\",\"description\":\"%100 Geri D\\u00f6n\\u00fc\\u015f\\u00fcml\\u00fc \\u00dcr\\u00fcnler\",\"publisher\":{\"@id\":\"https:\/\/www.procoltd.com\/#organization\"},\"potentialAction\":[{\"@type\":\"SearchAction\",\"target\":\"https:\/\/www.procoltd.com\/?s={search_term_string}\",\"query-input\":\"required name=search_term_string\"}],\"inLanguage\":\"en-US\"},{\"@type\":\"ImageObject\",\"@id\":\"https:\/\/www.procoltd.com\/urun\/aluminyum-folyo-ve-bantlar\/#primaryimage\",\"inLanguage\":\"en-US\",\"url\":\"https:\/\/www.procoltd.com\/wp-content\/uploads\/2020\/09\/woocommerce-placeholder.jpg\",\"width\":800,\"height\":449},{\"@type\":\"WebPage\",\"@id\":\"https:\/\/www.procoltd.com\/urun\/aluminyum-folyo-ve-bantlar\/#webpage\",\"url\":\"https:\/\/www.procoltd.com\/urun\/aluminyum-folyo-ve-bantlar\/\",\"name\":\"[:tr]Al\\u00fcminyum Folyo ve Bantlar[:en]Aluminum Foils and Tapes[:] - Proco Plastik\",\"isPartOf\":{\"@id\":\"https:\/\/www.procoltd.com\/#website\"},\"primaryImageOfPage\":{\"@id\":\"https:\/\/www.procoltd.com\/urun\/aluminyum-folyo-ve-bantlar\/#primaryimage\"},\"datePublished\":\"2020-09-10T20:06:34+00:00\",\"dateModified\":\"2020-09-12T02:43:49+00:00\",\"inLanguage\":\"en-US\",\"potentialAction\":[{\"@type\":\"ReadAction\",\"target\":[\"https:\/\/www.procoltd.com\/urun\/aluminyum-folyo-ve-bantlar\/\"]}]}]}<\/script>\n<!-- \/ Yoast SEO plugin. -->","_links":{"self":[{"href":"https:\/\/www.procoltd.com\/en\/wp-json\/wp\/v2\/product\/162","targetHints":{"allow":["GET"]}}],"collection":[{"href":"https:\/\/www.procoltd.com\/en\/wp-json\/wp\/v2\/product"}],"about":[{"href":"https:\/\/www.procoltd.com\/en\/wp-json\/wp\/v2\/types\/product"}],"wp:featuredmedia":[{"embeddable":true,"href":"https:\/\/www.procoltd.com\/en\/wp-json\/wp\/v2\/media\/210"}],"wp:attachment":[{"href":"https:\/\/www.procoltd.com\/en\/wp-json\/wp\/v2\/media?parent=162"}],"curies":[{"name":"wp","href":"https:\/\/api.w.org\/{rel}","templated":true}]}}